{"id":17,"date":"2022-03-22T09:06:24","date_gmt":"2022-03-22T08:06:24","guid":{"rendered":"http:\/\/paniowy.mikolow.eu\/?page_id=17"},"modified":"2022-06-25T17:35:34","modified_gmt":"2022-06-25T15:35:34","slug":"historia","status":"publish","type":"page","link":"http:\/\/paniowy.mikolow.eu\/index.php\/historia\/","title":{"rendered":"Historia"},"content":{"rendered":"\n<p>Najstarsza wzmianka o Paniowach pochodzi z dokumentu z 1282 roku, w kt\u00f3rym wymieniony jest, jako \u015bwiadek, Piotr z Pani\u00f3w, syn Gos\u0142awa. Druga wzmianka pochodzi z 1393 roku &#8211; w\u00f3wczas wymieniany jest Jerzy z Pani\u00f3w. Jako pierwszy w\u0142a\u015bciciel wioski wymieniany jest w 1472 roku Piotr Przedbi\u00f3r.<\/p>\n\n\n\n<p>W latach 1538-1551 Paniowy by\u0142y w\u0142asno\u015bci\u0105 Rogojskich, p\u00f3\u017aniej Bujakowskich. We w\u0142adaniu tej rodziny Paniowy pozostawa\u0142y przez 250&nbsp;lat. Od 1550 roku jeden dzia\u0142 na Paniowach posiada\u0142 Krzysztof Gocnara. Wed\u0142ug urbarza pa\u0144stwa bytomskiego w 1620 roku Paniowy mia\u0142y trzy dzia\u0142y: Piotra Bujakowskiego, Hanusza Rogojskiego z Rogo\u017ana (od 1598 roku) i Melchiora Hoszka. Dopiero w po\u0142owie XVIII wieku Paniowy nale\u017ca\u0142y tylko do Bujakowskich. W roku 1706 Stanis\u0142aw Antoni Bujakowski naby\u0142 od El\u017cbiety Makowieckiej z domu Rogojskiej jej dzia\u0142 za dwa tysi\u0105ce talar\u00f3w. Kolejno naby\u0142 w 1708 roku od Piotra Antoniego Rogojskiego i jego \u017cony Heleny Judyty z domu Gocza\u0142kowskiej ich dzia\u0142 za 1800 talar\u00f3w. W 1730 roku przej\u0105\u0142 dobra paniowskie Jan J\u00f3zef Bujakowski, a w 1761 roku sprzeda\u0142 je Baltazarowi Ludwikowi von&nbsp;Wallhofen za 16&nbsp;000 talar\u00f3w.<\/p>\n\n\n\n<p>W 1767 roku maj\u0105tek poszed\u0142 na licytacj\u0119 i Paniowy naby\u0142 Ludwik de&nbsp;Szymo\u0144ski. Do tej rodziny dobra nale\u017ca\u0142y do 1811 roku, po czym przesz\u0142y na krewnych \u017cony. Nowy w\u0142a\u015bciciel Adolf von&nbsp;Wrochen by\u0142 starost\u0105 powiatu bytomskiego w latach 1830-1849.<\/p>\n\n\n\n<p>Nast\u0119pnym w\u0142a\u015bcicielem by\u0142 hrabia Ryszard von&nbsp;Posadowski-Wehner, kt\u00f3ry te dobra naby\u0142 w 1851 roku. Do tej rodziny Paniowy nale\u017ca\u0142y do 1896 r. Nast\u0119pnie przesz\u0142y na w\u0142asno\u015b\u0107 sp\u00f3\u0142ki&nbsp;<em>Graflich Schaffgottsche Werke<\/em>, kt\u00f3ra posiada\u0142a je do I&nbsp;wojny \u015bwiatowej.<\/p>\n\n\n\n<p>W roku 1922 Paniowy wcielono do nowo utworzonego powiatu rudzkiego. Powiat ten zosta\u0142 w roku 1925 zniesiony, a Paniowy przy\u0142\u0105czono do powiatu pszczy\u0144skiego. Od roku 1945 razem ze wsiami Mokre i Borowa Wie\u015b nale\u017ca\u0142y do gromady \u015ami\u0142owice. W roku 1954 wie\u015b wcielono do nowo powsta\u0142ego powiatu tyskiego. W roku 1975 Paniowy sta\u0142y si\u0119 dzielnic\u0105 miasta Miko\u0142owa.<\/p>\n","protected":false},"excerpt":{"rendered":"<p>Najstarsza wzmianka o Paniowach pochodzi z dokumentu z 1282 roku, w kt\u00f3rym wymieniony jest, jako \u015bwiadek, Piotr z Pani\u00f3w, syn Gos\u0142awa. Druga wzmianka pochodzi z 1393 roku &#8211; w\u00f3wczas wymieniany &#8230;<\/p>\n","protected":false},"author":1,"featured_media":0,"parent":0,"menu_order":0,"comment_status":"closed","ping_status":"closed","template":"","meta":{"footnotes":""},"class_list":["post-17","page","type-page","status-publish","hentry"],"_links":{"self":[{"href":"http:\/\/paniowy.mikolow.eu\/index.php\/wp-json\/wp\/v2\/pages\/17","targetHints":{"allow":["GET"]}}],"collection":[{"href":"http:\/\/paniowy.mikolow.eu\/index.php\/wp-json\/wp\/v2\/pages"}],"about":[{"href":"http:\/\/paniowy.mikolow.eu\/index.php\/wp-json\/wp\/v2\/types\/page"}],"author":[{"embeddable":true,"href":"http:\/\/paniowy.mikolow.eu\/index.php\/wp-json\/wp\/v2\/users\/1"}],"replies":[{"embeddable":true,"href":"http:\/\/paniowy.mikolow.eu\/index.php\/wp-json\/wp\/v2\/comments?post=17"}],"version-history":[{"count":2,"href":"http:\/\/paniowy.mikolow.eu\/index.php\/wp-json\/wp\/v2\/pages\/17\/revisions"}],"predecessor-version":[{"id":110,"href":"http:\/\/paniowy.mikolow.eu\/index.php\/wp-json\/wp\/v2\/pages\/17\/revisions\/110"}],"wp:attachment":[{"href":"http:\/\/paniowy.mikolow.eu\/index.php\/wp-json\/wp\/v2\/media?parent=17"}],"curies":[{"name":"wp","href":"https:\/\/api.w.org\/{rel}","templated":true}]}}